{"id":693,"date":"2021-08-18T02:29:07","date_gmt":"2021-08-18T02:29:07","guid":{"rendered":"https:\/\/uoamusic.edu.vn\/?page_id=693"},"modified":"2021-08-18T02:29:09","modified_gmt":"2021-08-18T02:29:09","slug":"program-for-school","status":"publish","type":"page","link":"https:\/\/uoamusic.edu.vn\/en\/program-for-school\/","title":{"rendered":"Program for School"},"content":{"rendered":"<div id=\"pl-693\"  class=\"panel-layout\" ><div id=\"pg-693-0\"  class=\"panel-grid panel-has-style\" ><div class=\"siteorigin-panels-stretch panel-row-style panel-row-style-for-693-0\" data-stretch-type=\"full-stretched\" ><div id=\"pgc-693-0-0\"  class=\"panel-grid-cell\" ><div id=\"panel-693-0-0-0\" class=\"so-panel widget widget_sliders-buider panel-first-child panel-last-child\" data-index=\"0\" ><div\n\t\t\t\n\t\t\tclass=\"so-widget-sliders-buider so-widget-sliders-buider-default-d75171398898-693\"\n\t\t\t\n\t\t><div class=\"sliders-buider\">\n            <div class=\"sliderssliders-buider-69310000\">\n                            <div class=\"slider-item\" style=\"background-image: url(https:\/\/uoamusic.edu.vn\/wp-content\/uploads\/2021\/05\/huanluyen-min.png);\">\n                    <img decoding=\"async\" class=\"img\" src=\"https:\/\/uoamusic.edu.vn\/wp-content\/uploads\/2021\/05\/huanluyen-min.png\" alt=\"PROGRAM FOR SCHOOLS\">\n                    <div class=\"detail container\">\n                        <div class=\"row align-items-center\">\n                            <div class=\"col\">\n                                <div class=\"content\">\n                                    <div class=\"title color-white\">PROGRAM FOR SCHOOLS<\/div>\n                                <\/div>\n                            <\/div>\n                        <\/div>\n                    <\/div>\n                <\/div>\n                \n        <\/div>\n    \n    <\/div>\n<script>\n        \n    jQuery('.sliderssliders-buider-69310000 + .down').click(function(){\n        var n = jQuery('.sliderssliders-buider-69310000').height();\n        jQuery('html, body').animate({scrollTop:n},'50');\n    });\n<\/script><\/div><\/div><\/div><\/div><\/div><div id=\"pg-693-1\"  class=\"panel-grid panel-has-style\" ><div class=\"huan-luyen-img panel-row-style panel-row-style-for-693-1\" ><div id=\"pgc-693-1-0\"  class=\"panel-grid-cell\" ><div id=\"panel-693-1-0-0\" class=\"so-panel widget widget_sow-editor panel-first-child panel-last-child\" data-index=\"1\" ><div\n\t\t\t\n\t\t\tclass=\"so-widget-sow-editor so-widget-sow-editor-base\"\n\t\t\t\n\t\t>\n<div class=\"siteorigin-widget-tinymce textwidget\">\n\t<div class=\"sub-title\" style=\"text-align: center;\">Program for public, private or bi-lingual kindergartens and all kinds of educational centers in Vietnam.<\/div>\n<div class=\"img-center\"><img loading=\"lazy\" decoding=\"async\" class=\"size-large wp-image-621 aligncenter\" src=\"https:\/\/uoamusic.edu.vn\/wp-content\/uploads\/2021\/08\/hinh2-1024x668.jpg\" alt=\"\" width=\"640\" height=\"418\" srcset=\"https:\/\/uoamusic.edu.vn\/wp-content\/uploads\/2021\/08\/hinh2-1024x668.jpg 1024w, https:\/\/uoamusic.edu.vn\/wp-content\/uploads\/2021\/08\/hinh2-300x196.jpg 300w, https:\/\/uoamusic.edu.vn\/wp-content\/uploads\/2021\/08\/hinh2-768x501.jpg 768w, https:\/\/uoamusic.edu.vn\/wp-content\/uploads\/2021\/08\/hinh2-1536x1003.jpg 1536w, https:\/\/uoamusic.edu.vn\/wp-content\/uploads\/2021\/08\/hinh2-2048x1337.jpg 2048w, https:\/\/uoamusic.edu.vn\/wp-content\/uploads\/2021\/08\/hinh2-scaled.jpg 1920w\" sizes=\"(max-width: 640px) 100vw, 640px\" \/><\/div>\n<div class=\"sub-title\" style=\"text-align: center;\">INTEGRATED PROGRAM<\/div>\n<p style=\"text-align: left;\">U Oa Music is easy to implement and perfectly complements Pre-K and Kindergarten programs in public schools, private schools and bi-lingual schools in Viet Nam. Our program is designed for children to have 01 or 02 sessions per week with the duration of 45 - 60 minutes per session.<\/p>\n<p>Our program uses related musical activities to build listening skills, receptive and expressive language skills, and social-emotional skills such as turn-taking and self-control.<\/p>\n<p>Throughout our Teacher Training Program for schools, classroom teachers become an extension of U Oa Music as they lead children through playful, interactive, and developmentally appropriate music and movement activities.<br \/>\nOur all-inclusive curriculum kits provide tools that make it easy for teachers to guide and participate in the activities, assess their students, and have fun.<\/p>\n<div class=\"sub-title\" style=\"text-align: center;\">EXTRA-CURRICULUM PROGRAM<\/div>\n<div><img loading=\"lazy\" decoding=\"async\" class=\"size-large wp-image-625 aligncenter\" src=\"https:\/\/uoamusic.edu.vn\/wp-content\/uploads\/2021\/08\/hinh1-1024x683.jpg\" alt=\"\" width=\"640\" height=\"427\" srcset=\"https:\/\/uoamusic.edu.vn\/wp-content\/uploads\/2021\/08\/hinh1-1024x683.jpg 1024w, https:\/\/uoamusic.edu.vn\/wp-content\/uploads\/2021\/08\/hinh1-300x200.jpg 300w, https:\/\/uoamusic.edu.vn\/wp-content\/uploads\/2021\/08\/hinh1-768x513.jpg 768w, https:\/\/uoamusic.edu.vn\/wp-content\/uploads\/2021\/08\/hinh1-1536x1025.jpg 1536w, https:\/\/uoamusic.edu.vn\/wp-content\/uploads\/2021\/08\/hinh1-2048x1367.jpg 2048w, https:\/\/uoamusic.edu.vn\/wp-content\/uploads\/2021\/08\/hinh1-272x182.jpg 272w, https:\/\/uoamusic.edu.vn\/wp-content\/uploads\/2021\/08\/hinh1-scaled.jpg 1920w\" sizes=\"(max-width: 640px) 100vw, 640px\" \/><\/div>\n<p>U Oa Music can be offered as an optional extra-curriculum program to students at your school or your educational centers. Our research-driven curricula provide a unique and effective way to reach children of all backgrounds, developmental levels, and learning styles.<br \/>\nU Oa Music is a flexible to implementy by trained and certified teachers. With 45-60 minutues per week, U Oa Music provides children with a strong foundation for a lifetime of learning through playful, interactive music-making activities.<\/p>\n<\/div>\n<\/div><\/div><\/div><\/div><\/div><div id=\"pg-693-2\"  class=\"panel-grid panel-has-style\" ><div class=\"section-5 siteorigin-panels-stretch panel-row-style panel-row-style-for-693-2\" data-stretch-type=\"full\" ><div id=\"pgc-693-2-0\"  class=\"panel-grid-cell\" ><div id=\"panel-693-2-0-0\" class=\"so-panel widget widget_sow-editor panel-first-child panel-last-child\" data-index=\"2\" ><div\n\t\t\t\n\t\t\tclass=\"so-widget-sow-editor so-widget-sow-editor-base\"\n\t\t\t\n\t\t>\n<div class=\"siteorigin-widget-tinymce textwidget\">\n\t\n<div class=\"wpcf7 no-js\" id=\"wpcf7-f5-o1\" lang=\"en-US\" dir=\"ltr\">\n<div class=\"screen-reader-response\"><p role=\"status\" aria-live=\"polite\" aria-atomic=\"true\"><\/p> <ul><\/ul><\/div>\n<form action=\"\/en\/wp-json\/wp\/v2\/pages\/693#wpcf7-f5-o1\" method=\"post\" class=\"wpcf7-form init\" aria-label=\"Contact form\" novalidate=\"novalidate\" data-status=\"init\">\n<div style=\"display: none;\">\n<input type=\"hidden\" name=\"_wpcf7\" value=\"5\" \/>\n<input type=\"hidden\" name=\"_wpcf7_version\" value=\"5.9.6\" \/>\n<input type=\"hidden\" name=\"_wpcf7_locale\" value=\"en_US\" \/>\n<input type=\"hidden\" name=\"_wpcf7_unit_tag\" value=\"wpcf7-f5-o1\" \/>\n<input type=\"hidden\" name=\"_wpcf7_container_post\" value=\"0\" \/>\n<input type=\"hidden\" name=\"_wpcf7_posted_data_hash\" value=\"\" \/>\n<\/div>\n<div class=\"contact-form\">\n\t<div class=\"sub-title\">\n\t\t<p>LI\u00caN H\u1ec6 V\u1edaI CH\u00daNG T\u00d4I\n\t\t<\/p>\n\t<\/div>\n\t<div class=\"desc\">\n\t\t<p>H\u00e3y \u0111\u1ec3 l\u1ea1i th\u00f4ng tin v\u00e0 ch\u00fang t\u00f4i s\u1ebd li\u00ean h\u1ec7 v\u1edbi b\u1ea1n ngay.\n\t\t<\/p>\n\t<\/div>\n\t<div class=\"form-field\">\n\t\t<div class=\"col-50 left\">\n\t\t\t<p><span class=\"wpcf7-form-control-wrap\" data-name=\"your-name\"><input size=\"40\" maxlength=\"80\" class=\"wpcf7-form-control wpcf7-text wpcf7-validates-as-required\" aria-required=\"true\" aria-invalid=\"false\" placeholder=\"H\u1ecd t\u00ean:\" value=\"\" type=\"text\" name=\"your-name\" \/><\/span><span class=\"wpcf7-form-control-wrap\" data-name=\"your-phone\"><input size=\"40\" maxlength=\"80\" class=\"wpcf7-form-control wpcf7-text wpcf7-validates-as-required\" aria-required=\"true\" aria-invalid=\"false\" placeholder=\"S\u1ed1 \u0111i\u1ec7n tho\u1ea1i:\" value=\"\" type=\"text\" name=\"your-phone\" \/><\/span><span class=\"wpcf7-form-control-wrap\" data-name=\"your-mail\"><input size=\"40\" maxlength=\"80\" class=\"wpcf7-form-control wpcf7-email wpcf7-validates-as-required wpcf7-text wpcf7-validates-as-email\" aria-required=\"true\" aria-invalid=\"false\" placeholder=\"Email\" value=\"\" type=\"email\" name=\"your-mail\" \/><\/span>\n\t\t\t<\/p>\n\t\t<\/div>\n\t\t<div class=\"col-50 textarea right \">\n\t\t\t<p><span class=\"wpcf7-form-control-wrap\" data-name=\"your-message\"><textarea cols=\"40\" rows=\"10\" maxlength=\"400\" class=\"wpcf7-form-control wpcf7-textarea\" aria-invalid=\"false\" placeholder=\"N\u1ed9i dung tin nh\u1eafn\" name=\"your-message\"><\/textarea><\/span>\n\t\t\t<\/p>\n\t\t<\/div>\n\t<\/div>\n\t<div class=\"form-field\">\n\t\t<p><input class=\"wpcf7-form-control wpcf7-submit has-spinner\" type=\"submit\" value=\"G\u1eedi\" \/>\n\t\t<\/p>\n\t<\/div>\n<\/div><div class=\"wpcf7-response-output\" aria-hidden=\"true\"><\/div>\n<\/form>\n<\/div>\n\n<\/div>\n<\/div><\/div><\/div><\/div><\/div><\/div>","protected":false},"excerpt":{"rendered":"<p>Program for public, private or bi-lingual kindergartens and all kinds of educational centers in Vietnam. INTEGRATED PROGRAM U Oa Music is easy to implement and perfectly complements Pre-K and Kindergarten programs in public schools, private schools and bi-lingual schools in Viet Nam. Our program is designed for children to have 01 or 02 sessions per [&#8230;]<\/p>\n<p><a class=\"btn btn-secondary understrap-read-more-link\" href=\"https:\/\/uoamusic.edu.vn\/en\/program-for-school\/\">Read More&#8230;<\/a><\/p \n\n","protected":false},"author":1,"featured_media":0,"parent":0,"menu_order":0,"comment_status":"closed","ping_status":"closed","template":"","meta":{"_acf_changed":false,"footnotes":""},"class_list":["post-693","page","type-page","status-publish","hentry"],"acf":[],"_links":{"self":[{"href":"https:\/\/uoamusic.edu.vn\/en\/wp-json\/wp\/v2\/pages\/693"}],"collection":[{"href":"https:\/\/uoamusic.edu.vn\/en\/wp-json\/wp\/v2\/pages"}],"about":[{"href":"https:\/\/uoamusic.edu.vn\/en\/wp-json\/wp\/v2\/types\/page"}],"author":[{"embeddable":true,"href":"https:\/\/uoamusic.edu.vn\/en\/wp-json\/wp\/v2\/users\/1"}],"replies":[{"embeddable":true,"href":"https:\/\/uoamusic.edu.vn\/en\/wp-json\/wp\/v2\/comments?post=693"}],"version-history":[{"count":2,"href":"https:\/\/uoamusic.edu.vn\/en\/wp-json\/wp\/v2\/pages\/693\/revisions"}],"predecessor-version":[{"id":695,"href":"https:\/\/uoamusic.edu.vn\/en\/wp-json\/wp\/v2\/pages\/693\/revisions\/695"}],"wp:attachment":[{"href":"https:\/\/uoamusic.edu.vn\/en\/wp-json\/wp\/v2\/media?parent=693"}],"curies":[{"name":"wp","href":"https:\/\/api.w.org\/{rel}","templated":true}]}}