{"id":450,"date":"2021-07-07T05:46:42","date_gmt":"2021-07-07T05:46:42","guid":{"rendered":"https:\/\/uoamusic.edu.vn\/?page_id=450"},"modified":"2021-07-07T06:02:45","modified_gmt":"2021-07-07T06:02:45","slug":"news","status":"publish","type":"page","link":"https:\/\/uoamusic.edu.vn\/en\/news\/","title":{"rendered":"News"},"content":{"rendered":"<div id=\"pl-450\"  class=\"panel-layout\" ><div id=\"pg-450-0\"  class=\"panel-grid panel-has-style\" ><div class=\"siteorigin-panels-stretch panel-row-style panel-row-style-for-450-0\" data-stretch-type=\"full-stretched\" ><div id=\"pgc-450-0-0\"  class=\"panel-grid-cell\" ><div id=\"panel-450-0-0-0\" class=\"so-panel widget widget_sliders-buider panel-first-child panel-last-child\" data-index=\"0\" ><div\n\t\t\t\n\t\t\tclass=\"so-widget-sliders-buider so-widget-sliders-buider-default-d75171398898-450\"\n\t\t\t\n\t\t><div class=\"sliders-buider\">\n            <div class=\"sliderssliders-buider-45010000\">\n                            <div class=\"slider-item\" style=\"background-image: url(https:\/\/uoamusic.edu.vn\/wp-content\/uploads\/2021\/05\/bg-tin-tuc-min.png);\">\n                    <img decoding=\"async\" class=\"img\" src=\"https:\/\/uoamusic.edu.vn\/wp-content\/uploads\/2021\/05\/bg-tin-tuc-min.png\" alt=\"Slider 1\">\n                    <div class=\"detail container\">\n                        <div class=\"row align-items-center\">\n                            <div class=\"col\">\n                                <div class=\"content\">\n                                    <div class=\"title color-white\">NEWS<\/div>\n                                <\/div>\n                            <\/div>\n                        <\/div>\n                    <\/div>\n                <\/div>\n                \n        <\/div>\n    \n    <\/div>\n<script>\n        \n    jQuery('.sliderssliders-buider-45010000 + .down').click(function(){\n        var n = jQuery('.sliderssliders-buider-45010000').height();\n        jQuery('html, body').animate({scrollTop:n},'50');\n    });\n<\/script><\/div><\/div><\/div><\/div><\/div><div id=\"pg-450-1\"  class=\"panel-grid panel-has-style\" ><div class=\"posts siteorigin-panels-stretch panel-row-style panel-row-style-for-450-1\" data-stretch-type=\"full\" ><div id=\"pgc-450-1-0\"  class=\"panel-grid-cell\" ><div\n\t\t\t\n\t\t\tclass=\"so-widget-list-post so-widget-list-post-default-d75171398898-450\"\n\t\t\t\n\t\t><div class=\"listpost-widget ls-list-post-45010001 tin-tuc\">\n    \n        <div class=\"list-post-wrapper clearfix \">\n                                                <div class=\"list-post-item\">\n                        <a href=\"https:\/\/uoamusic.edu.vn\/en\/de-nuoi-day-con-thanh-nhung-dua-tre-vui-ve-hanh-phuc\/\" class=\"thumb\">\n                            <img decoding=\"async\" alt=\"\u0110\u1ec3 nu\u00f4i d\u1ea1y con th\u00e0nh nh\u1eefng \u0111\u1ee9a tr\u1ebb vui v\u1ebb, h\u1ea1nh ph\u00fac\" src=\"https:\/\/uoamusic.edu.vn\/wp-content\/uploads\/2021\/09\/thumnail4.jpg\" \/>\n                        <\/a>\n                        <div class=\"date\">01 month 9 year 2021<\/div>\n                        <div class=\"list-post-title\">\n                            <h3><a href=\"https:\/\/uoamusic.edu.vn\/en\/de-nuoi-day-con-thanh-nhung-dua-tre-vui-ve-hanh-phuc\/\">\u0110\u1ec3 nu\u00f4i d\u1ea1y con th\u00e0nh nh\u1eefng \u0111\u1ee9a tr\u1ebb vui v\u1ebb, h\u1ea1nh ph\u00fac<\/a><\/h3>\n                        <\/div>\n                        <div class=\"desc\">\n                            Bi\u1ebfn sai l\u1ea7m th\u00e0nh nh\u1eefng c\u01a1 h\u1ed9i h\u1ecdc h\u1ecfi Trong cu\u1ed9c s\u1ed1ng gia \u0111\u00ecnh, m\u1ecdi th\u1ee9 hi\u1ebfm khi \u0111i \u0111\u00fang theo k\u1ebf ho\u1ea1ch v\u00ec v\u1eady t\u00ecnh y\u00eau v\u00f4 \u0111i\u1ec1u ki\u1ec7n v\u00e0 s\u1ef1 ch\u1ea5p nh\u1eadn l\u1eabn nhau l\u00e0 m\u1ed9t ph\u1ea7n chu\u1ea9n m\u1ef1c trong cu\u1ed9c s\u1ed1ng. Ch\u00fang ta \u0111\u1ec1u c\u00f3 th\u1ec3 m\u1eafc sai l\u1ea7m. Khi b\u1ed1 me\u0323 m\u1eafc m\u1ed9t sai l\u1ea7m (\u0111\u1eb7c bi\u1ec7t l\u00e0 tr\u01b0\u1edbc m\u1eb7t b\u1ecdn \u00a0tr\u1ebb) th\u00ec \u0111\u00e2y l\u00e0 c\u01a1 h\u1ed9i ho\u00e0n h\u1ea3o \u0111\u1ec3 th\u1eeba nh\u1eadn n\u00f3 v\u00e0 th\u1eadm ch\u00ed c\u00f2n l\u00e0 d\u1ecbp \u0111\u1ec3 th\u1ec3 hi\u1ec7n nh\u1eefng c\u00e1ch kh\u00e1c nhau m\u00e0 b\u00f4\u0301 me\u0323 s\u1ebd gi\u1ea3i quy\u1ebft trong th\u1eddi gian t\u1edbi.&hellip;                        <\/div>\n                        <a class=\"readmore\" href=\"https:\/\/uoamusic.edu.vn\/en\/de-nuoi-day-con-thanh-nhung-dua-tre-vui-ve-hanh-phuc\/\">Read more<\/a>   \n                    <\/div>\n                    \n                                                    <div class=\"list-post-item\">\n                        <a href=\"https:\/\/uoamusic.edu.vn\/en\/10-cach-dua-vui-voi-be-moi-ngay\/\" class=\"thumb\">\n                            <img decoding=\"async\" alt=\"10 c\u00e1ch \u0111\u00f9a vui v\u1edbi b\u00e9 m\u1ed7i ng\u00e0y\" src=\"https:\/\/uoamusic.edu.vn\/wp-content\/uploads\/2021\/09\/thumnail3.jpg\" \/>\n                        <\/a>\n                        <div class=\"date\">01 month 9 year 2021<\/div>\n                        <div class=\"list-post-title\">\n                            <h3><a href=\"https:\/\/uoamusic.edu.vn\/en\/10-cach-dua-vui-voi-be-moi-ngay\/\">10 c\u00e1ch \u0111\u00f9a vui v\u1edbi b\u00e9 m\u1ed7i ng\u00e0y<\/a><\/h3>\n                        <\/div>\n                        <div class=\"desc\">\n                            V\u1edbi t\u00ednh h\u00e0i h\u01b0\u1edbc c\u1ee7a m\u1eb9, nh\u1eefng ho\u1ea1t \u0111\u1ed9ng th\u01b0\u1eddng nh\u1eadt nh\u01b0 t\u1eafm r\u1eeda, ng\u1ee7, ch\u01a1i \u0111\u00f9a s\u1ebd tr\u1edf n\u00ean l\u00e0 th\u1eddi kh\u1eafc tuy\u1ec7t v\u1eddi c\u1ee7a hai m\u1eb9 con. Xin gi\u1edbi thi\u1ec7u m\u1ed9t v\u00e0i ho\u1ea1t \u0111\u1ed9ng \u0111\u1ec3 c\u00f9ng mang \u0111\u1ebfn n\u1ee5 c\u01b0\u1eddi v\u00e0 ni\u1ec1m vui r\u1ea1ng r\u1ee1 tr\u00ean khu\u00f4n m\u1eb7t th\u01a1 ng\u00e2y c\u1ee7a thi\u00ean th\u1ea7n nh\u1ecf trong nh\u00e0 b\u1ea1n. 1. B\u00e9 t\u00f3c \u0111i\u1ec7u Ho\u1ea1t \u0111\u1ed9ng t\u1eafm r\u1eeda cho con ch\u1ec9 l\u00e0 m\u1ed9t th\u00f3i quen l\u1eb7p \u0111i l\u1eb7p l\u1ea1i m\u1ed7i ng\u00e0y v\u00e0 \u0111\u00e3 tr\u1edf n\u00ean nh\u00e0m ch\u00e1n? H\u00e3y th\u00eam gia v\u1ecb vui nh\u1ed9n m\u1ed7i l\u00fac t\u1eafm con b\u1eb1ng c\u00e1ch d\u00f9ng b\u1ecdt&hellip;                        <\/div>\n                        <a class=\"readmore\" href=\"https:\/\/uoamusic.edu.vn\/en\/10-cach-dua-vui-voi-be-moi-ngay\/\">Read more<\/a>   \n                    <\/div>\n                    \n                        <\/div>\n                    <a class=\"pagination btn\" >\n                Read more            <\/a>\n            <\/div>\n<script>\n    (function($) {\n        $(document).ready(function(){\n        var lists = $( '.ls-list-post-45010001' );\n        var paged = 1;\n        var total = 6;\n        lists.on( 'click',' .pagination', function( e ) {\n            \/** Prevent Default Behaviour *\/\n            e.preventDefault();\n            \/** Get data-page *\/\n            var posts_per_page = 2;\n            var post_category = all;\n            paged = paged + 1;\n            var readMore = 'Read more';\n            var type = 'tin-tuc';\n            \/** Ajax Call *\/\n            $.ajax({\n                cache: false,\n                url: 'https:\/\/uoamusic.edu.vn\/wp-admin\/admin-ajax.php',\n                type: \"POST\",\n                data: ({ \n                    action          :  'pagination', \n                    post_category    :  post_category,\n                    posts_per_page    :  posts_per_page,\n                    paged:paged,\n                    readMore:readMore,\n                    type:type,\n                     \n                }),\n                beforeSend: function() {\n                    lists.find('.pagination').unbind('click');\n                },\n                success: function( data, textStatus, jqXHR ){      \n                    $( '.ls-list-post-45010001 .list-post-wrapper' ).append( data.data );\n                },\n                error: function( jqXHR, textStatus, errorThrown ){\n                    \/\/ console.log( 'The following error occured: ' + textStatus, errorThrown );\n                },\n                complete: function( jqXHR, textStatus ){\n                    lists.find('.pagination').bind('click');\n                    if((paged * posts_per_page) >= total ){\n                        lists.find('.pagination').fadeOut();\n                    }\n                }\n            });\n        });\n        });\n    })(jQuery);\n<\/script><\/div><\/div><\/div><\/div><\/div>","protected":false},"excerpt":{"rendered":"<p> [&#8230;]<\/p>\n<p><a class=\"btn btn-secondary understrap-read-more-link\" href=\"https:\/\/uoamusic.edu.vn\/en\/10-cach-dua-vui-voi-be-moi-ngay\/\">Read More&#8230;<\/a><\/p \n\n","protected":false},"author":1,"featured_media":0,"parent":0,"menu_order":0,"comment_status":"closed","ping_status":"closed","template":"","meta":{"_acf_changed":false,"footnotes":""},"class_list":["post-450","page","type-page","status-publish","hentry"],"acf":[],"_links":{"self":[{"href":"https:\/\/uoamusic.edu.vn\/en\/wp-json\/wp\/v2\/pages\/450"}],"collection":[{"href":"https:\/\/uoamusic.edu.vn\/en\/wp-json\/wp\/v2\/pages"}],"about":[{"href":"https:\/\/uoamusic.edu.vn\/en\/wp-json\/wp\/v2\/types\/page"}],"author":[{"embeddable":true,"href":"https:\/\/uoamusic.edu.vn\/en\/wp-json\/wp\/v2\/users\/1"}],"replies":[{"embeddable":true,"href":"https:\/\/uoamusic.edu.vn\/en\/wp-json\/wp\/v2\/comments?post=450"}],"version-history":[{"count":6,"href":"https:\/\/uoamusic.edu.vn\/en\/wp-json\/wp\/v2\/pages\/450\/revisions"}],"predecessor-version":[{"id":476,"href":"https:\/\/uoamusic.edu.vn\/en\/wp-json\/wp\/v2\/pages\/450\/revisions\/476"}],"wp:attachment":[{"href":"https:\/\/uoamusic.edu.vn\/en\/wp-json\/wp\/v2\/media?parent=450"}],"curies":[{"name":"wp","href":"https:\/\/api.w.org\/{rel}","templated":true}]}}