{"id":1117,"date":"2022-07-25T16:37:04","date_gmt":"2022-07-25T09:37:04","guid":{"rendered":"https:\/\/uoamusic.edu.vn\/doi-ngu\/"},"modified":"2022-07-28T17:12:09","modified_gmt":"2022-07-28T10:12:09","slug":"doi-ngu","status":"publish","type":"page","link":"https:\/\/uoamusic.edu.vn\/en\/doi-ngu\/","title":{"rendered":"Teams"},"content":{"rendered":"<div id=\"pl-1117\"  class=\"panel-layout\" ><div id=\"pg-1117-0\"  class=\"panel-grid panel-has-style\" ><div class=\"siteorigin-panels-stretch panel-row-style panel-row-style-for-1117-0\" data-stretch-type=\"full-stretched\" ><div id=\"pgc-1117-0-0\"  class=\"panel-grid-cell\" ><div id=\"panel-1117-0-0-0\" class=\"so-panel widget widget_sliders-buider panel-first-child panel-last-child\" data-index=\"0\" ><div\n\t\t\t\n\t\t\tclass=\"so-widget-sliders-buider so-widget-sliders-buider-default-d75171398898-1117\"\n\t\t\t\n\t\t><div class=\"sliders-buider\">\n            <div class=\"sliderssliders-buider-111710000\">\n                            <div class=\"slider-item\" style=\"background-image: url(https:\/\/uoamusic.edu.vn\/wp-content\/uploads\/2021\/05\/huanluyen-min.png);\">\n                    <img decoding=\"async\" class=\"img\" src=\"https:\/\/uoamusic.edu.vn\/wp-content\/uploads\/2021\/05\/huanluyen-min.png\" alt=\"\">\n                    <div class=\"detail container\">\n                        <div class=\"row align-items-center\">\n                            <div class=\"col\">\n                                <div class=\"content\">\n                                                                    <\/div>\n                            <\/div>\n                        <\/div>\n                    <\/div>\n                <\/div>\n                \n        <\/div>\n    \n    <\/div>\n<script>\n        \n    jQuery('.sliderssliders-buider-111710000 + .down').click(function(){\n        var n = jQuery('.sliderssliders-buider-111710000').height();\n        jQuery('html, body').animate({scrollTop:n},'50');\n    });\n<\/script><\/div><\/div><\/div><\/div><\/div><div id=\"pg-1117-1\"  class=\"panel-grid panel-has-style\" ><div class=\"siteorigin-panels-stretch panel-row-style panel-row-style-for-1117-1\" data-stretch-type=\"full\" ><div id=\"pgc-1117-1-0\"  class=\"panel-grid-cell\" ><div id=\"panel-1117-1-0-0\" class=\"so-panel widget widget_sow-headline panel-first-child\" data-index=\"1\" ><div\n\t\t\t\n\t\t\tclass=\"so-widget-sow-headline so-widget-sow-headline-default-52b4ac1ef306-1117 so-widget-fittext-wrapper\"\n\t\t\t data-fit-text-compressor=\"0.85\"\n\t\t><div class=\"sow-headline-container \">\n\t\t\t\t\t\t\t<h1 class=\"sow-headline\">\n\t\t\t\t\t\tOur Team\t\t\t\t\t\t<\/h1>\n\t\t\t\t\t\t<\/div>\n<\/div><\/div><div id=\"panel-1117-1-0-1\" class=\"so-panel widget widget_our-team panel-last-child\" data-index=\"2\" ><div\n\t\t\t\n\t\t\tclass=\"so-widget-our-team so-widget-our-team-default-d75171398898-1117\"\n\t\t\t\n\t\t><div class=\"tab-news-events tab-content tab-our-team\">\n<!--     <div class=\"tab-nav-wrap\">\n        <div class=\"heading bg-orange white-color\">\n            <h3 class=\"widget-title\" style=\"text-align: center;\"><\/h3>\n        <\/div>\n        <ul class=\"nav nav-tabs\" role=\"tablist\">\n                                <li class=\"nav-item\">\n                        <a class=\"nav-link active\" href=\"#0\" role=\"tab\" data-toggle=\"tab\"><\/a>\n                    <\/li>\n                    <\/ul>\n    <\/div> -->\n\n    <!-- Tab panes -->\n    <div class=\"tab-content our-team-content\">\n\n        \n                <div role=\"\" class=\"tab-pane1 fade in active show\" id=\"0\">\n                   <h3> <\/h3>\n                   \n                    \n                            <div class=\"team-item\">\n\n                                <div class=\"thumb\"  data-toggle=\"modal\" data-target=\"#-thanh-bui\"  >\n                                    <img decoding=\"async\" src=\"https:\/\/uoamusic.edu.vn\/wp-content\/uploads\/2022\/07\/Staff-Website_Anh-Thanh.png\" alt=\"Thanh Bui\">  \n                                <\/div>\n                                <div class=\"meta\">\n                                    <h3  data-toggle=\"modal\" data-target=\"#-thanh-bui\"  >\n                                        Thanh Bui                                    <\/h3>\n                                    <div class=\"position\">Founder of Embassy Education\u200b | Founder of U Oa Music<\/div>\n                                <\/div>\n                                                            <\/div>\n\n                        \n                            <div class=\"team-item\">\n\n                                <div class=\"thumb\"  data-toggle=\"modal\" data-target=\"#-master-educator-of-u-oa-music\"  >\n                                    <img decoding=\"async\" src=\"https:\/\/uoamusic.edu.vn\/wp-content\/uploads\/2022\/07\/Co-Yen-06.png\" alt=\"Master Educator of \u00da \u00d2a Music\">  \n                                <\/div>\n                                <div class=\"meta\">\n                                    <h3  data-toggle=\"modal\" data-target=\"#-master-educator-of-u-oa-music\"  >\n                                        Master Educator of \u00da \u00d2a Music                                    <\/h3>\n                                    <div class=\"position\">Master Educator of \u00da \u00d2a Music\u200b | Head of Vocal Department cum Former Director of Music at Soul Music &amp; Performing Arts Academy (SMPAA)\u200b | Senior Academic Advisor of Embassy Education\u200b<\/div>\n                                <\/div>\n                                                            <\/div>\n\n                           \n                <\/div>\n                                                                <!-- Modal -->\n                            <div class=\"our-team-modal modal fade opacity\" id=\"-thanh-bui\" tabindex=\"-1\" role=\"dialog\" aria-labelledby=\"exampleModalCenterTitle\" aria-hidden=\"true\">\n                                <div class=\"modal-dialog modal-dialog-centered modal-desc\" role=\"document\">\n                                    <div class=\"modal-content\">\n                                        <div class=\"modal-header\">\n                                            <button type=\"button\" class=\"close\" data-dismiss=\"modal\" aria-label=\"Close\">\n                                                <span aria-hidden=\"true\">&times;<\/span>\n                                            <\/button>\n                                        <\/div>\n                                        <div class=\"modal-body\">\n                                            <div class=\"left\">\n                                                <div class=\"thumb\">\n                                                    <img decoding=\"async\" src=\"https:\/\/uoamusic.edu.vn\/wp-content\/uploads\/2022\/07\/Staff-Website_Anh-Thanh.png\" alt=\"Thanh Bui\">\n                                                <\/div>\n                                                <h3>\n                                                    Thanh Bui                                                <\/h3>\n                                                <div class=\"position\">Founder of Embassy Education\u200b | Founder of U Oa Music<\/div>\n                                            <\/div>\n                                            <div class=\"right\">\n                                                <div class=\"content\">\n                                                    <p><i><span style=\"font-weight: 400;\">Through \u00da \u00d2A MUSIC - the new music program aimed towards Vietnamese kindergartens, we wish to introduce our children right from their early years to the fresh and intimate perspectives of our traditional culture. The curriculum was compiled based on poetry, folk tales, and traditional musical materials - but in a more creative way that better suits the educational environment, so that our children will not only fall deeper in love with the Vietnamese cultural identity, but also be able to gradually establish a solid and methodical skill foundation for their future.<\/span><\/i><\/p>\n                                                <\/div>\n                                                \n                                            <\/div>\n                                        <\/div>\n                                    <\/div>\n                                <\/div>\n                            <\/div>\n\n                                                    <!-- Modal -->\n                            <div class=\"our-team-modal modal fade opacity\" id=\"-master-educator-of-u-oa-music\" tabindex=\"-1\" role=\"dialog\" aria-labelledby=\"exampleModalCenterTitle\" aria-hidden=\"true\">\n                                <div class=\"modal-dialog modal-dialog-centered modal-desc\" role=\"document\">\n                                    <div class=\"modal-content\">\n                                        <div class=\"modal-header\">\n                                            <button type=\"button\" class=\"close\" data-dismiss=\"modal\" aria-label=\"Close\">\n                                                <span aria-hidden=\"true\">&times;<\/span>\n                                            <\/button>\n                                        <\/div>\n                                        <div class=\"modal-body\">\n                                            <div class=\"left\">\n                                                <div class=\"thumb\">\n                                                    <img decoding=\"async\" src=\"https:\/\/uoamusic.edu.vn\/wp-content\/uploads\/2022\/07\/Co-Yen-06.png\" alt=\"Master Educator of \u00da \u00d2a Music\">\n                                                <\/div>\n                                                <h3>\n                                                    Master Educator of \u00da \u00d2a Music                                                <\/h3>\n                                                <div class=\"position\">Master Educator of \u00da \u00d2a Music\u200b | Head of Vocal Department cum Former Director of Music at Soul Music &amp; Performing Arts Academy (SMPAA)\u200b | Senior Academic Advisor of Embassy Education\u200b<\/div>\n                                            <\/div>\n                                            <div class=\"right\">\n                                                <div class=\"content\">\n                                                    <p><i><span style=\"font-weight: 400;\">Thanks to my 8+ years of experience in the early childhood music education field, I understand that having fun playing is an indispensable part of every child\u2019s daily routine; and that\u2019s the reason we deeply focus on bringing joy to the children in every lesson of \u00da \u00d2A MUSIC, in order to help them \u201cLearn to Play - Play to Learn\u201d. Each lesson plan will include a well-known Vietnamese children\u2019s song with the English version and relevant lyrics, bringing new colors and energy to the kindergartens\u2019 music classes. \u00da \u00d2A MUSIC will not only awaken the children\u2019s learning senses, but also develop their musical abilities and potential more comprehensively.<\/span><\/i><\/p>\n                                                <\/div>\n                                                \n                                            <\/div>\n                                        <\/div>\n                                    <\/div>\n                                <\/div>\n                            <\/div>\n\n                           \n                \n    <\/div>\n<\/div>\n<script>\n    jQuery(window).on('load',function(){\n        var link = window.location.href.split('\/').slice(-1).pop();\n        jQuery('.nav-link[href=\"'+link+'\"]').tab('show');\n        equaheight();\n    });\n    jQuery('.tab-link >a').on('click',function(){\n        var link = jQuery(this).attr('href').split('\/').slice(-1).pop();\n        jQuery('.nav-link[href=\"'+link+'\"]').tab('show');\n        equaheight();\n    });\n    jQuery('.tab-our-team .nav-link').on('click',function(){\n        equaheight();\n    });\n    function equaheight(){\n        setTimeout(function(){\n            var highestBox = 0;\n            jQuery('.our-team-content .tab-pane.active .team-item').each(function(){\n                if(jQuery(this).find('.meta').height() > highestBox) {\n                    highestBox = jQuery(this).find('.meta').height(); \n                }\n            });\n            jQuery('.our-team-content .tab-pane.active').find('.team-item .meta').height(highestBox);\n        }, 200);\n    }\n<\/script>\n<\/div><\/div><\/div><\/div><\/div><\/div>","protected":false},"excerpt":{"rendered":"<p>Our Team Thanh Bui Founder of Embassy Education\u200b | Founder of U Oa Music Master Educator of \u00da \u00d2a Music Master Educator of \u00da \u00d2a Music\u200b | Head of Vocal Department cum Former Director of Music at Soul Music &amp; Performing Arts Academy (SMPAA)\u200b | Senior Academic Advisor of Embassy Education\u200b &times; Thanh Bui Founder [&#8230;]<\/p>\n<p><a class=\"btn btn-secondary understrap-read-more-link\" href=\"https:\/\/uoamusic.edu.vn\/en\/doi-ngu\/\">Read More&#8230;<\/a><\/p \n\n","protected":false},"author":1,"featured_media":0,"parent":0,"menu_order":0,"comment_status":"closed","ping_status":"closed","template":"page-templates\/fullwidthpage.php","meta":{"_acf_changed":false,"footnotes":""},"class_list":["post-1117","page","type-page","status-publish","hentry"],"acf":[],"_links":{"self":[{"href":"https:\/\/uoamusic.edu.vn\/en\/wp-json\/wp\/v2\/pages\/1117"}],"collection":[{"href":"https:\/\/uoamusic.edu.vn\/en\/wp-json\/wp\/v2\/pages"}],"about":[{"href":"https:\/\/uoamusic.edu.vn\/en\/wp-json\/wp\/v2\/types\/page"}],"author":[{"embeddable":true,"href":"https:\/\/uoamusic.edu.vn\/en\/wp-json\/wp\/v2\/users\/1"}],"replies":[{"embeddable":true,"href":"https:\/\/uoamusic.edu.vn\/en\/wp-json\/wp\/v2\/comments?post=1117"}],"version-history":[{"count":5,"href":"https:\/\/uoamusic.edu.vn\/en\/wp-json\/wp\/v2\/pages\/1117\/revisions"}],"predecessor-version":[{"id":1119,"href":"https:\/\/uoamusic.edu.vn\/en\/wp-json\/wp\/v2\/pages\/1117\/revisions\/1119"}],"wp:attachment":[{"href":"https:\/\/uoamusic.edu.vn\/en\/wp-json\/wp\/v2\/media?parent=1117"}],"curies":[{"name":"wp","href":"https:\/\/api.w.org\/{rel}","templated":true}]}}